{"id":14829,"date":"2017-05-25T13:04:53","date_gmt":"2017-05-25T13:04:53","guid":{"rendered":"https:\/\/interadria.hr\/home\/sessa-marine-c42\/"},"modified":"2020-05-14T07:55:53","modified_gmt":"2020-05-14T07:55:53","slug":"sessa-marine-c42","status":"publish","type":"page","link":"https:\/\/interadria.hr\/hr\/sessa-marine-c42\/","title":{"rendered":"SESSA MARINE C42"},"content":{"rendered":"<p>[vc_row full_width=&#8221;stretch_row_content_no_spaces&#8221;][vc_column][vc_single_image image=&#8221;34676&#8243; img_size=&#8221;full&#8221; alignment=&#8221;center&#8221;][\/vc_column][\/vc_row][vc_section full_height=&#8221;yes&#8221;][vc_row full_width=&#8221;stretch_row&#8221; css=&#8221;.vc_custom_1494587241923{background-color: #ad8a60 !important;}&#8221;][vc_column][vc_empty_space][vc_column_text]<\/p>\n<h2 class=\"name_yacht\" style=\"text-align: center;\">C<span style=\"color: #ffffff;\"><b>42<\/b><\/span><\/h2>\n<h2 style=\"text-align: center;\">Op\u0107e informacije<\/h2>\n<p style=\"text-align: center;\"><span style=\"color: #ffffff;\"><strong>Mala Super jaht<\/strong><\/span><\/p>\n<p style=\"text-align: center;\"><span style=\"color: #ffffff;\">Novi C 42 rezultat je vi\u0161egodi\u0161njeg iskustva na globalnom tr\u017ei\u0161tu i objedinjuje dizajn, prakti\u010dnost i fleksibilnost. Novi C 42 bit \u0107e u mogu\u0107nosti odgovoriti zahtjevima tr\u017ei\u0161ta zahvaljuju\u0107i velikom, gostoljubivom, otvorenom kokpitu kojim\u00a0dominira prostrana \u00e2\u20ac\u02dc\u00e2\u20ac\u2122L\u00e2\u20ac\u2122\u00e2\u20ac\u2122 sofa pretvoriva u prostor za sun\u010danje te izrazito lako upravljiv i \u010dvrst elektri\u010dni pomi\u010dni bimini krov koji pru\u017ea optimalnu za\u0161titu od sunca. \u00c5\u00a0iroko sun\u010dali\u0161te na pramcu, \u0161armantni salon u glavnoj palubi iz kojeg se zahvaljuju\u0107i velikim panoramskim prozorima pru\u017ea jedinstven pogled na more, prostrana kuhinja, dvije kabine s izravnim pristupom u privatne kupaonice s odvojenim tu\u0161evima samo\u00a0su neki od elemenata koje ovo plovilo pru\u017ea.\u00a0<\/span><\/p>\n<p style=\"text-align: center;\"><span style=\"color: #ffffff;\">C 42 pokretat \u0107e \u00a0IPS VOLVO PENTA D4 i D6 400\/600 ks motori\u00a0<\/span><\/p>\n<p>[\/vc_column_text][vc_empty_space][\/vc_column][\/vc_row][vc_row full_width=&#8221;stretch_row_content&#8221; css=&#8221;.vc_custom_1494189287334{background-color: #232628 !important;}&#8221;][vc_column][vc_empty_space][vc_custom_heading text=&#8221;BOJE&#8221; font_container=&#8221;tag:h3|text_align:center|color:%23b89e6f&#8221; google_fonts=&#8221;font_family:Lato%3A100%2C100italic%2C300%2C300italic%2Cregular%2Citalic%2C700%2C700italic%2C900%2C900italic|font_style:300%20light%20regular%3A300%3Anormal&#8221; css=&#8221;.vc_custom_1494190111948{background-color: #232628 !important;}&#8221;][vc_empty_space][\/vc_column][\/vc_row][vc_row full_width=&#8221;stretch_row_content&#8221; css=&#8221;.vc_custom_1494188959793{background-color: #232628 !important;}&#8221;][vc_column width=&#8221;1\/3&#8243;][vc_single_image image=&#8221;34637&#8243; img_size=&#8221;medium&#8221; alignment=&#8221;center&#8221; css_animation=&#8221;fadeInLeftBig&#8221;][vc_empty_space][vc_single_image image=&#8221;34641&#8243; img_size=&#8221;medium&#8221; alignment=&#8221;center&#8221; css_animation=&#8221;fadeInLeftBig&#8221;][vc_empty_space][\/vc_column][vc_column width=&#8221;1\/3&#8243;][vc_single_image image=&#8221;34639&#8243; img_size=&#8221;medium&#8221; alignment=&#8221;center&#8221; css_animation=&#8221;bounceInDown&#8221;][vc_empty_space][vc_single_image image=&#8221;34643&#8243; img_size=&#8221;medium&#8221; alignment=&#8221;center&#8221; css_animation=&#8221;bounceInDown&#8221;][vc_empty_space][\/vc_column][vc_column width=&#8221;1\/3&#8243;][vc_single_image image=&#8221;34635&#8243; img_size=&#8221;medium&#8221; alignment=&#8221;center&#8221; css_animation=&#8221;fadeInRightBig&#8221;][vc_empty_space][\/vc_column][vc_column][vc_custom_heading text=&#8221;TLOCRT&#8221; font_container=&#8221;tag:h3|text_align:center|color:%23b89e6f&#8221; google_fonts=&#8221;font_family:Lato%3A100%2C100italic%2C300%2C300italic%2Cregular%2Citalic%2C700%2C700italic%2C900%2C900italic|font_style:300%20light%20regular%3A300%3Anormal&#8221; css=&#8221;.vc_custom_1494421439999{background-color: #232628 !important;}&#8221;][vc_empty_space][\/vc_column][vc_column width=&#8221;1\/2&#8243;][vc_single_image image=&#8221;6738&#8243; img_size=&#8221;full&#8221; alignment=&#8221;center&#8221; onclick=&#8221;link_image&#8221; css_animation=&#8221;zoomInLeft&#8221; stm_fancybox=&#8221;yes&#8221;][vc_empty_space][\/vc_column][vc_column width=&#8221;1\/2&#8243;][vc_single_image image=&#8221;6742&#8243; img_size=&#8221;full&#8221; alignment=&#8221;center&#8221; onclick=&#8221;link_image&#8221; css_animation=&#8221;zoomInRight&#8221; stm_fancybox=&#8221;yes&#8221;][vc_empty_space][\/vc_column][\/vc_row][\/vc_section][vc_section full_width=&#8221;stretch_row&#8221; css=&#8221;.vc_custom_1494439891383{background-color: #ad8a60 !important;}&#8221;][vc_row full_width=&#8221;stretch_row&#8221; content_placement=&#8221;middle&#8221; css=&#8221;.vc_custom_1494418122856{background-color: #ad8a60 !important;}&#8221;][vc_column][vc_empty_space][vc_custom_heading text=&#8221;INTERIJER&#8221; font_container=&#8221;tag:h3|text_align:center|color:%23232628&#8243; google_fonts=&#8221;font_family:Lato%3A100%2C100italic%2C300%2C300italic%2Cregular%2Citalic%2C700%2C700italic%2C900%2C900italic|font_style:400%20regular%3A400%3Anormal&#8221;][vc_empty_space][stm_carousel fullwidth=&#8221;enable&#8221; image_size=&#8221;600 x 300&#8243; slides_per_row=&#8221;3&#8243; css=&#8221;.vc_custom_1588754313417{background-color: #ad8a60 !important;}&#8221; images=&#8221;34646,34648,34650,34652,34654,34656,34658,34660,34662,34664,34666&#8243;][vc_empty_space][vc_custom_heading text=&#8221;EKSTERIJER&#8221; font_container=&#8221;tag:h3|text_align:center|color:%23232628&#8243; google_fonts=&#8221;font_family:Lato%3A100%2C100italic%2C300%2C300italic%2Cregular%2Citalic%2C700%2C700italic%2C900%2C900italic|font_style:400%20regular%3A400%3Anormal&#8221;][vc_empty_space][stm_carousel fullwidth=&#8221;enable&#8221; image_size=&#8221;600 x 300&#8243; slides_per_row=&#8221;3&#8243; css=&#8221;.vc_custom_1588754720520{background-color: #ad8a60 !important;}&#8221; images=&#8221;34678,34676,34674,34672,34670,34680,34668&#8243;][vc_empty_space height=&#8221;45px&#8221;][\/vc_column][\/vc_row][vc_row full_width=&#8221;stretch_row&#8221; css=&#8221;.vc_custom_1494418635632{background-color: #232628 !important;}&#8221;][vc_column][vc_empty_space][vc_column_text]<\/p>\n<h1 style=\"text-align: center;\"><span style=\"color: #ad8a60;\">C<\/span>\u00a0<span style=\"color: #ffffff;\">42<\/span><\/h1>\n<hr \/>\n<p>[\/vc_column_text][vc_custom_heading text=&#8221;TEHNI\u010cKE SPECIFIKACIJE&#8221; font_container=&#8221;tag:h2|text_align:center|color:%239b855e&#8221; google_fonts=&#8221;font_family:Lato%3A100%2C100italic%2C300%2C300italic%2Cregular%2Citalic%2C700%2C700italic%2C900%2C900italic|font_style:300%20light%20regular%3A300%3Anormal&#8221;][\/vc_column][vc_column width=&#8221;1\/2&#8243;][vc_column_text]<\/p>\n<table border=\"0\" width=\"100%\" cellspacing=\"0\" cellpadding=\"1\">\n<tbody>\n<tr>\n<td class=\"techData\" width=\"59%\" height=\"20px\"><span style=\"color: #ffffff;\">Du\u017eina<\/span><\/td>\n<td class=\"techData\" width=\"66%\"><span style=\"color: #ffffff;\">13,10 m<\/span><\/td>\n<td width=\"5\"><span style=\"color: #ffffff;\">\u00a0<\/span><\/td>\n<\/tr>\n<\/tbody>\n<\/table>\n<table border=\"0\" width=\"100%\" cellspacing=\"0\" cellpadding=\"1\">\n<tbody>\n<tr>\n<td class=\"techData\" width=\"59%\" height=\"20px\"><span style=\"color: #ffffff;\">\u00c5\u00a0irima<\/span><\/td>\n<td class=\"techData\" width=\"66%\"><span style=\"color: #ffffff;\">3,90 m<\/span><\/td>\n<td width=\"5\"><span style=\"color: #ffffff;\">\u00a0<\/span><\/td>\n<\/tr>\n<\/tbody>\n<\/table>\n<table border=\"0\" width=\"100%\" cellspacing=\"0\" cellpadding=\"1\">\n<tbody>\n<tr>\n<td class=\"techData\" width=\"59%\" height=\"20px\"><span style=\"color: #ffffff;\">Motor<\/span><\/td>\n<td class=\"techData\" width=\"66%\"><span style=\"color: #ffffff;\">VOLVO PENTA 2 x IPS 400 D6 (600 HP-447 KW)<\/span><\/td>\n<td width=\"5\"><span style=\"color: #ffffff;\">\u00a0<\/span><\/td>\n<\/tr>\n<\/tbody>\n<\/table>\n<table border=\"0\" width=\"100%\" cellspacing=\"0\" cellpadding=\"1\">\n<tbody>\n<tr>\n<td class=\"techData\" width=\"59%\" height=\"20px\"><span style=\"color: #ffffff;\">Pogon<\/span><\/td>\n<td class=\"techData\" width=\"66%\"><span style=\"color: #ffffff;\">IPS<\/span><\/td>\n<td width=\"5\"><span style=\"color: #ffffff;\">\u00a0<\/span><\/td>\n<\/tr>\n<\/tbody>\n<\/table>\n<table border=\"0\" width=\"100%\" cellspacing=\"0\" cellpadding=\"1\">\n<tbody>\n<tr>\n<td class=\"techData\" width=\"59%\" height=\"20px\"><span style=\"color: #ffffff;\">Le\u017eajevi<\/span><\/td>\n<td class=\"techData\" width=\"66%\"><span style=\"color: #ffffff;\">4+1<\/span><\/td>\n<td width=\"5\"><span style=\"color: #ffffff;\">\u00a0<\/span><\/td>\n<\/tr>\n<\/tbody>\n<\/table>\n<table border=\"0\" width=\"100%\" cellspacing=\"0\" cellpadding=\"1\">\n<tbody>\n<tr>\n<td class=\"techData\" width=\"59%\" height=\"20px\"><span style=\"color: #ffffff;\">Istisnina<\/span><\/td>\n<td class=\"techData\" width=\"66%\"><span style=\"color: #ffffff;\">10,30 t<\/span><\/td>\n<td width=\"5\"><\/td>\n<\/tr>\n<\/tbody>\n<\/table>\n<p>[\/vc_column_text][\/vc_column][vc_column width=&#8221;1\/2&#8243;][vc_column_text]<\/p>\n<table border=\"0\" width=\"100%\" cellspacing=\"0\" cellpadding=\"1\">\n<tbody>\n<tr>\n<td class=\"techData\" width=\"59%\" height=\"20px\"><span style=\"color: #ffffff;\">Br. osoba<\/span><\/td>\n<td class=\"techData\" width=\"66%\"><span style=\"color: #ffffff;\">12<\/span><\/td>\n<td width=\"5\"><span style=\"color: #ffffff;\">\u00a0<\/span><\/td>\n<\/tr>\n<\/tbody>\n<\/table>\n<table border=\"0\" width=\"100%\" cellspacing=\"0\" cellpadding=\"1\">\n<tbody>\n<tr>\n<td class=\"techData\" width=\"59%\" height=\"20px\"><span style=\"color: #ffffff;\">Rezervoar goriva<\/span><\/td>\n<td class=\"techData\" width=\"66%\"><span style=\"color: #ffffff;\">980 l<\/span><\/td>\n<td width=\"5\"><span style=\"color: #ffffff;\">\u00a0<\/span><\/td>\n<\/tr>\n<\/tbody>\n<\/table>\n<table border=\"0\" width=\"100%\" cellspacing=\"0\" cellpadding=\"1\">\n<tbody>\n<tr>\n<td class=\"techData\" width=\"59%\" height=\"20px\"><span style=\"color: #ffffff;\">Rezervoar vode<\/span><\/td>\n<td class=\"techData\" width=\"66%\"><span style=\"color: #ffffff;\">350 l<\/span><\/td>\n<td width=\"5\"><span style=\"color: #ffffff;\">\u00a0<\/span><\/td>\n<\/tr>\n<\/tbody>\n<\/table>\n<table border=\"0\" width=\"100%\" cellspacing=\"0\" cellpadding=\"1\">\n<tbody>\n<tr>\n<td class=\"techData\" width=\"59%\" height=\"20px\"><span style=\"color: #ffffff;\">Crni tank<\/span><\/td>\n<td class=\"techData\" width=\"66%\"><span style=\"color: #ffffff;\">100 l<\/span><\/td>\n<td width=\"5\"><span style=\"color: #ffffff;\">\u00a0<\/span><\/td>\n<\/tr>\n<\/tbody>\n<\/table>\n<table border=\"0\" width=\"100%\" cellspacing=\"0\" cellpadding=\"1\">\n<tbody>\n<tr>\n<td class=\"LastTechData\" width=\"59%\" height=\"20px\"><span style=\"color: #ffffff;\">Dizajn<\/span><\/td>\n<td class=\"LastTechData\" width=\"66%\"><span style=\"color: #ffffff;\">Centrostiledesign<\/span><\/td>\n<td width=\"5\"><span style=\"color: #ffffff;\">\u00a0<\/span><\/td>\n<\/tr>\n<\/tbody>\n<\/table>\n<table border=\"0\" width=\"100%\" cellspacing=\"0\" cellpadding=\"1\">\n<tbody>\n<tr>\n<td class=\"LastTechData\" width=\"59%\" height=\"20px\"><span style=\"color: #ffffff;\">Kategorija gradnje<\/span><\/td>\n<td class=\"LastTechData\" width=\"66%\"><span style=\"color: #ffffff;\">B<\/span><\/td>\n<\/tr>\n<\/tbody>\n<\/table>\n<p>[\/vc_column_text][\/vc_column][vc_column][vc_empty_space height=&#8221;64px&#8221;][\/vc_column][\/vc_row][\/vc_section][vc_row full_width=&#8221;stretch_row_content_no_spaces&#8221; css=&#8221;.vc_custom_1494587160240{background-color: #ad8a60 !important;}&#8221;][vc_column][vc_empty_space][vc_custom_heading text=&#8221;PRESS CLIPPING&#8221; font_container=&#8221;tag:h2|text_align:center&#8221; google_fonts=&#8221;font_family:Lato%3A100%2C100italic%2C300%2C300italic%2Cregular%2Citalic%2C700%2C700italic%2C900%2C900italic|font_style:300%20light%20regular%3A300%3Anormal&#8221;][\/vc_column][vc_column width=&#8221;1\/3&#8243;][\/vc_column][vc_column width=&#8221;1\/3&#8243;][vc_empty_space][vc_single_image image=&#8221;6670&#8243; img_size=&#8221;medium&#8221; alignment=&#8221;center&#8221; onclick=&#8221;custom_link&#8221; img_link_target=&#8221;_blank&#8221; link=&#8221;http:\/\/www.interadria.hr\/media\/files\/press%20novi%20modeli\/InterAdria_Magazin_8_SESSA%20C%2042.pdf&#8221;][vc_column_text]<\/p>\n<p style=\"text-align: center;\"><a href=\"http:\/\/www.interadria.hr\/media\/files\/press%20novi%20modeli\/InterAdria_Magazin_8_SESSA%20C%2042.pdf\">InterAdria Magazin\u00a08<\/a><\/p>\n<p>[\/vc_column_text][vc_empty_space][\/vc_column][vc_column width=&#8221;1\/3&#8243;][\/vc_column][\/vc_row][vc_row full_width=&#8221;stretch_row&#8221; css=&#8221;.vc_custom_1494535544537{background-color: #000000 !important;}&#8221;][vc_column][vc_video link=&#8221;https:\/\/www.youtube.com\/watch?v=B-3UwPkTDOQ&#8221; el_width=&#8221;70&#8243; align=&#8221;center&#8221;][\/vc_column][\/vc_row][vc_row full_width=&#8221;stretch_row&#8221; css=&#8221;.vc_custom_1494418635632{background-color: #232628 !important;}&#8221;][vc_column][vc_empty_space height=&#8221;64px&#8221;][vc_column_text]<\/p>\n<h5 style=\"text-align: center;\"><span style=\"color: #ffffff;\">KONTAKTIRAJTE NAS<\/span><\/h5>\n<p style=\"text-align: center;\"><span style=\"color: #ffffff;\">INTERADRIA SC<\/span><br \/>\n<span style=\"color: #ffffff;\">\u0106IKOVI\u0106I \u00a073 C, KASTAV, CROATIA<\/span><br \/>\n<span style=\"color: #ffffff;\"><a style=\"color: #ffffff;\" href=\"mailto:interadria@interadria.hr\">interadria@interadria.hr<\/a><\/span><\/p>\n<p>[\/vc_column_text][vc_empty_space][\/vc_column][vc_column width=&#8221;1\/3&#8243;][vc_column_text]<\/p>\n<h5 style=\"text-align: center;\"><span style=\"color: #ffffff;\">PRODAJA<\/span><\/h5>\n<p style=\"text-align: center;\"><span style=\"color: #ffffff;\"><a style=\"color: #ffffff;\" href=\"mailto:kristian@interadria.hr\">kristian@interadria.hr<\/a><\/span><\/p>\n<p>[\/vc_column_text][vc_empty_space height=&#8221;64px&#8221;][\/vc_column][vc_column width=&#8221;1\/3&#8243;][vc_column_text]<\/p>\n<h5 style=\"text-align: center;\"><span style=\"color: #ffffff;\">CHARTER<\/span><\/h5>\n<p style=\"text-align: center;\"><span style=\"color: #ffffff;\"><a style=\"color: #ffffff;\" href=\"mailto:kristian@interadria.hr\">kristian@interadria.hr<\/a><\/span><\/p>\n<p>[\/vc_column_text][vc_empty_space height=&#8221;64px&#8221;][\/vc_column][vc_column width=&#8221;1\/3&#8243;][vc_column_text]<\/p>\n<div class=\"wpb_text_column wpb_content_element \">\n<div class=\"wpb_wrapper\">\n<div class=\"wpb_text_column wpb_content_element \">\n<div class=\"wpb_wrapper\">\n<h5 style=\"text-align: center;\"><span style=\"color: #ffffff;\">SERVIS<\/span><\/h5>\n<p style=\"text-align: center;\"><span style=\"color: #ffffff;\"><a style=\"color: #ffffff;\" href=\"mailto:izabela@interadria.hr\">izabela@interadria.hr<\/a><\/span><\/p>\n<\/div>\n<\/div>\n<\/div>\n<\/div>\n<p>[\/vc_column_text][vc_empty_space height=&#8221;64px&#8221;][\/vc_column][\/vc_row][vc_row][vc_column][vc_column_text][\/vc_column_text][\/vc_column][\/vc_row]<\/p>\n","protected":false},"excerpt":{"rendered":"<p>[vc_row full_width=&#8221;stretch_row_content_no_spaces&#8221;][vc_column][vc_single_image image=&#8221;34676&#8243; img_size=&#8221;full&#8221; alignment=&#8221;center&#8221;][\/vc_column][\/vc_row][vc_section full_height=&#8221;yes&#8221;][vc_row full_width=&#8221;stretch_row&#8221; css=&#8221;.vc_custom_1494587241923{background-color: #ad8a60 !important;}&#8221;][vc_column][vc_empty_space][vc_column_text] C42 Op\u0107e informacije Mala Super jaht Novi C 42 rezultat je vi\u0161egodi\u0161njeg iskustva na globalnom tr\u017ei\u0161tu i objedinjuje dizajn, prakti\u010dnost i fleksibilnost. Novi C 42 bit \u0107e u mogu\u0107nosti odgovoriti zahtjevima tr\u017ei\u0161ta zahvaljuju\u0107i velikom, gostoljubivom, otvorenom kokpitu kojim\u00a0dominira prostrana \u00e2\u20ac\u02dc\u00e2\u20ac\u2122L\u00e2\u20ac\u2122\u00e2\u20ac\u2122 sofa pretvoriva u prostor za&#8230;<\/p>\n","protected":false},"author":1,"featured_media":0,"parent":0,"menu_order":0,"comment_status":"closed","ping_status":"closed","template":"","meta":{"_joinchat":[],"_links_to":"","_links_to_target":""},"acf":[],"yoast_head":"<!-- This site is optimized with the Yoast SEO plugin v19.6 - https:\/\/yoast.com\/wordpress\/plugins\/seo\/ -->\n<title>SESSA MARINE C42 -<\/title>\n<meta name=\"robots\" content=\"index, follow, max-snippet:-1, max-image-preview:large, max-video-preview:-1\" \/>\n<link rel=\"canonical\" href=\"https:\/\/interadria.hr\/sessa-marine-c42\/?lang=hr\" \/>\n<meta property=\"og:locale\" content=\"hr_HR\" \/>\n<meta property=\"og:type\" content=\"article\" \/>\n<meta property=\"og:title\" content=\"SESSA MARINE C42 -\" \/>\n<meta property=\"og:description\" content=\"[vc_row full_width=&#8221;stretch_row_content_no_spaces&#8221;][vc_column][vc_single_image image=&#8221;34676&#8243; img_size=&#8221;full&#8221; alignment=&#8221;center&#8221;][\/vc_column][\/vc_row][vc_section full_height=&#8221;yes&#8221;][vc_row full_width=&#8221;stretch_row&#8221; css=&#8221;.vc_custom_1494587241923{background-color: #ad8a60 !important;}&#8221;][vc_column][vc_empty_space][vc_column_text] C42 Op\u0107e informacije Mala Super jaht Novi C 42 rezultat je vi\u0161egodi\u0161njeg iskustva na globalnom tr\u017ei\u0161tu i objedinjuje dizajn, prakti\u010dnost i fleksibilnost. Novi C 42 bit \u0107e u mogu\u0107nosti odgovoriti zahtjevima tr\u017ei\u0161ta zahvaljuju\u0107i velikom, gostoljubivom, otvorenom kokpitu kojim\u00a0dominira prostrana \u00e2\u20ac\u02dc\u00e2\u20ac\u2122L\u00e2\u20ac\u2122\u00e2\u20ac\u2122 sofa pretvoriva u prostor za...\" \/>\n<meta property=\"og:url\" content=\"https:\/\/interadria.hr\/sessa-marine-c42\/?lang=hr\" \/>\n<meta property=\"article:modified_time\" content=\"2020-05-14T07:55:53+00:00\" \/>\n<meta name=\"twitter:card\" content=\"summary_large_image\" \/>\n<meta name=\"twitter:label1\" content=\"Est. reading time\" \/>\n\t<meta name=\"twitter:data1\" content=\"5 minutes\" \/>\n<script type=\"application\/ld+json\" class=\"yoast-schema-graph\">{\"@context\":\"https:\/\/schema.org\",\"@graph\":[{\"@type\":\"WebPage\",\"@id\":\"https:\/\/interadria.hr\/sessa-marine-c42\/?lang=hr\",\"url\":\"https:\/\/interadria.hr\/sessa-marine-c42\/?lang=hr\",\"name\":\"SESSA MARINE C42 -\",\"isPartOf\":{\"@id\":\"https:\/\/interadria.hr\/#website\"},\"datePublished\":\"2017-05-25T13:04:53+00:00\",\"dateModified\":\"2020-05-14T07:55:53+00:00\",\"breadcrumb\":{\"@id\":\"https:\/\/interadria.hr\/sessa-marine-c42\/?lang=hr#breadcrumb\"},\"inLanguage\":\"hr-HR\",\"potentialAction\":[{\"@type\":\"ReadAction\",\"target\":[\"https:\/\/interadria.hr\/sessa-marine-c42\/?lang=hr\"]}]},{\"@type\":\"BreadcrumbList\",\"@id\":\"https:\/\/interadria.hr\/sessa-marine-c42\/?lang=hr#breadcrumb\",\"itemListElement\":[{\"@type\":\"ListItem\",\"position\":1,\"name\":\"Home\",\"item\":\"https:\/\/interadria.hr\/hr\/\"},{\"@type\":\"ListItem\",\"position\":2,\"name\":\"SESSA MARINE C42\"}]},{\"@type\":\"WebSite\",\"@id\":\"https:\/\/interadria.hr\/#website\",\"url\":\"https:\/\/interadria.hr\/\",\"name\":\"\",\"description\":\"INTERADRIA SC\",\"potentialAction\":[{\"@type\":\"SearchAction\",\"target\":{\"@type\":\"EntryPoint\",\"urlTemplate\":\"https:\/\/interadria.hr\/?s={search_term_string}\"},\"query-input\":\"required name=search_term_string\"}],\"inLanguage\":\"hr-HR\"}]}<\/script>\n<!-- \/ Yoast SEO plugin. -->","yoast_head_json":{"title":"SESSA MARINE C42 -","robots":{"index":"index","follow":"follow","max-snippet":"max-snippet:-1","max-image-preview":"max-image-preview:large","max-video-preview":"max-video-preview:-1"},"canonical":"https:\/\/interadria.hr\/sessa-marine-c42\/?lang=hr","og_locale":"hr_HR","og_type":"article","og_title":"SESSA MARINE C42 -","og_description":"[vc_row full_width=&#8221;stretch_row_content_no_spaces&#8221;][vc_column][vc_single_image image=&#8221;34676&#8243; img_size=&#8221;full&#8221; alignment=&#8221;center&#8221;][\/vc_column][\/vc_row][vc_section full_height=&#8221;yes&#8221;][vc_row full_width=&#8221;stretch_row&#8221; css=&#8221;.vc_custom_1494587241923{background-color: #ad8a60 !important;}&#8221;][vc_column][vc_empty_space][vc_column_text] C42 Op\u0107e informacije Mala Super jaht Novi C 42 rezultat je vi\u0161egodi\u0161njeg iskustva na globalnom tr\u017ei\u0161tu i objedinjuje dizajn, prakti\u010dnost i fleksibilnost. Novi C 42 bit \u0107e u mogu\u0107nosti odgovoriti zahtjevima tr\u017ei\u0161ta zahvaljuju\u0107i velikom, gostoljubivom, otvorenom kokpitu kojim\u00a0dominira prostrana \u00e2\u20ac\u02dc\u00e2\u20ac\u2122L\u00e2\u20ac\u2122\u00e2\u20ac\u2122 sofa pretvoriva u prostor za...","og_url":"https:\/\/interadria.hr\/sessa-marine-c42\/?lang=hr","article_modified_time":"2020-05-14T07:55:53+00:00","twitter_card":"summary_large_image","twitter_misc":{"Est. reading time":"5 minutes"},"schema":{"@context":"https:\/\/schema.org","@graph":[{"@type":"WebPage","@id":"https:\/\/interadria.hr\/sessa-marine-c42\/?lang=hr","url":"https:\/\/interadria.hr\/sessa-marine-c42\/?lang=hr","name":"SESSA MARINE C42 -","isPartOf":{"@id":"https:\/\/interadria.hr\/#website"},"datePublished":"2017-05-25T13:04:53+00:00","dateModified":"2020-05-14T07:55:53+00:00","breadcrumb":{"@id":"https:\/\/interadria.hr\/sessa-marine-c42\/?lang=hr#breadcrumb"},"inLanguage":"hr-HR","potentialAction":[{"@type":"ReadAction","target":["https:\/\/interadria.hr\/sessa-marine-c42\/?lang=hr"]}]},{"@type":"BreadcrumbList","@id":"https:\/\/interadria.hr\/sessa-marine-c42\/?lang=hr#breadcrumb","itemListElement":[{"@type":"ListItem","position":1,"name":"Home","item":"https:\/\/interadria.hr\/hr\/"},{"@type":"ListItem","position":2,"name":"SESSA MARINE C42"}]},{"@type":"WebSite","@id":"https:\/\/interadria.hr\/#website","url":"https:\/\/interadria.hr\/","name":"","description":"INTERADRIA SC","potentialAction":[{"@type":"SearchAction","target":{"@type":"EntryPoint","urlTemplate":"https:\/\/interadria.hr\/?s={search_term_string}"},"query-input":"required name=search_term_string"}],"inLanguage":"hr-HR"}]}},"_links":{"self":[{"href":"https:\/\/interadria.hr\/hr\/wp-json\/wp\/v2\/pages\/14829"}],"collection":[{"href":"https:\/\/interadria.hr\/hr\/wp-json\/wp\/v2\/pages"}],"about":[{"href":"https:\/\/interadria.hr\/hr\/wp-json\/wp\/v2\/types\/page"}],"author":[{"embeddable":true,"href":"https:\/\/interadria.hr\/hr\/wp-json\/wp\/v2\/users\/1"}],"replies":[{"embeddable":true,"href":"https:\/\/interadria.hr\/hr\/wp-json\/wp\/v2\/comments?post=14829"}],"version-history":[{"count":31,"href":"https:\/\/interadria.hr\/hr\/wp-json\/wp\/v2\/pages\/14829\/revisions"}],"predecessor-version":[{"id":34777,"href":"https:\/\/interadria.hr\/hr\/wp-json\/wp\/v2\/pages\/14829\/revisions\/34777"}],"wp:attachment":[{"href":"https:\/\/interadria.hr\/hr\/wp-json\/wp\/v2\/media?parent=14829"}],"curies":[{"name":"wp","href":"https:\/\/api.w.org\/{rel}","templated":true}]}}