{"id":14333,"date":"2017-05-24T17:59:37","date_gmt":"2017-05-24T17:59:37","guid":{"rendered":"https:\/\/interadria.hr\/home\/charter\/"},"modified":"2022-12-15T13:24:41","modified_gmt":"2022-12-15T13:24:41","slug":"charter","status":"publish","type":"page","link":"https:\/\/interadria.hr\/hr\/charter\/","title":{"rendered":"INTERADRIA PROIZVODNJA"},"content":{"rendered":"<p>[vc_row full_width=&#8221;stretch_row_content_no_spaces&#8221;][vc_column][vc_single_image image=&#8221;22976&#8243; img_size=&#8221;full&#8221; alignment=&#8221;center&#8221; css=&#8221;.vc_custom_1520944459942{background-position: center !important;background-repeat: no-repeat !important;background-size: cover !important;}&#8221;][\/vc_column][vc_column][vc_empty_space height=&#8221;96px&#8221;][vc_column_text]<\/p>\n<h1 style=\"text-align: center;\"><span style=\"color: #000000;\">Key Largo<\/span><span style=\"color: #31a3c6;\"> One\u00a0<\/span><\/h1>\n<p>[\/vc_column_text][vc_separator color=&#8221;black&#8221; style=&#8221;double&#8221;][\/vc_column][\/vc_row][vc_row][vc_column][vc_column_text]<\/p>\n<p>&nbsp;<\/p>\n<p><span style=\"font-size: medium;\">Ova predivna pri\u010da po\u010dinje partnerstvom izmedju Sessa Marine International i InterAdrie SC, davne 2004. godine. Od tada traje divno partnerstvo koje je evoluiralo u prijateljstvo, te smo zadobili njihovo potpuno povjerenje. Kao najve\u0107i dokaz je upravo ovaj sklopljen posao o produkciji\u00a0 Key Largo One plovila. <\/span><\/p>\n<p><span style=\"font-size: medium;\">Nakon dogovora sa Sessa Marine International, zadobili smo sve potrebne certifikate i potvrde tj. odobrenje i mogu\u0107nost po\u010detka proizvodnje Key Larga One plovila. InterAdria SC ima potpuno dopu\u0161tenje distibucije Key Largo One modela za svjetsko tr\u017ei\u0161te!<\/span>[\/vc_column_text][vc_media_grid grid_id=&#8221;vc_gid:1652265589958-b8262155-b0cb-0&#8243; include=&#8221;22920,22924,22928,22932,22936,22940&#8243;][vc_empty_space][vc_row_inner][vc_column_inner width=&#8221;1\/2&#8243;][vc_column_text]<span style=\"font-size: medium;\">Sve to zape\u010datila nam je posjeta Hrvatskog registra brodova, koji su nam potvrdili da je InterAdria kao proizvo\u0111a\u010d, u skladu s Pravilima za klasifikaciju brodova, te dodjelili Potvrdu o odobrenju proizvo\u0111a\u010da. <\/span><\/p>\n<p><span style=\"font-size: medium;\">Podru\u010dje odobrenja : <\/span><\/p>\n<ul>\n<li><span style=\"font-size: medium;\">Proizvodnja brodica za sport i razonodu od staklom oja\u010danog poliestera tehnologijom ru\u010dne laminacije<\/span><\/li>\n<li><span style=\"font-size: medium;\">Popravak brodica i jahti izra\u0111enih od staklom poja\u010danog poliestera<\/span><\/li>\n<\/ul>\n<p>[\/vc_column_text][\/vc_column_inner][vc_column_inner width=&#8221;1\/2&#8243;][vc_single_image image=&#8221;22944&#8243; img_size=&#8221;medium&#8221; alignment=&#8221;center&#8221; onclick=&#8221;img_link_large&#8221;][\/vc_column_inner][\/vc_row_inner][vc_empty_space][vc_empty_space][vc_separator color=&#8221;black&#8221; style=&#8221;double&#8221;][vc_row_inner][vc_column_inner width=&#8221;1\/2&#8243;][vc_single_image image=&#8221;22948&#8243; img_size=&#8221;medium&#8221; alignment=&#8221;center&#8221; onclick=&#8221;img_link_large&#8221;][\/vc_column_inner][vc_column_inner width=&#8221;1\/2&#8243;][vc_column_text]<\/p>\n<h3 style=\"text-align: center;\"><strong><span style=\"font-size: medium;\">Diploma s Rije\u010dkog sajma nautike 2017.<\/span><\/strong><\/h3>\n<h3 style=\"text-align: center;\"><strong><span style=\"font-size: medium;\"> za brodicu Key Largo one<\/span><\/strong><\/h3>\n<p>[\/vc_column_text][\/vc_column_inner][\/vc_row_inner][vc_empty_space][vc_separator color=&#8221;black&#8221; style=&#8221;double&#8221;][vc_empty_space][vc_empty_space][vc_row_inner][vc_column_inner][vc_column_text]<\/p>\n<h3 style=\"text-align: center;\">Zagreba\u010dki sajam nautike 2018.<\/h3>\n<h3 style=\"text-align: center;\">Key Largo One Yamaha F 100 FETL<\/h3>\n<p>[\/vc_column_text][vc_media_grid grid_id=&#8221;vc_gid:1652265589960-d7011519-568f-8&#8243; include=&#8221;22735,22743,22747,22751,22755,22759,22771,22775,22779&#8243;][\/vc_column_inner][\/vc_row_inner][vc_separator color=&#8221;black&#8221; style=&#8221;double&#8221;][vc_empty_space][vc_row_inner][vc_column_inner width=&#8221;1\/2&#8243;][vc_column_text]<span style=\"font-size: medium;\">Pro\u0161le godine imali smo \u010dast testirati Key Largo One s motorom Yamaha F 100 KS, te dobili zadivljuju\u0107e rezultate. Poletnost ovog malog plovila je nevjerovatna, s maksimalnom brzinom od 35 KN, te prihvatljivom potro\u0161njom goriva.<\/span><\/p>\n<p><span style=\"font-size: medium;\"> Rezultate testa mo\u017eete pobli\u017ee pogledati na slici u prilogu.<\/span>[\/vc_column_text][\/vc_column_inner][vc_column_inner width=&#8221;1\/2&#8243;][vc_single_image image=&#8221;22960&#8243; img_size=&#8221;medium&#8221; alignment=&#8221;center&#8221; onclick=&#8221;img_link_large&#8221;][\/vc_column_inner][\/vc_row_inner][vc_empty_space][vc_separator color=&#8221;black&#8221; style=&#8221;double&#8221;][vc_empty_space][vc_row_inner][vc_column_inner][vc_column_text]<\/p>\n<h3 style=\"text-align: center;\">Posjeta inspektora od strane Hrvatskog registra brodova<\/h3>\n<h3 style=\"text-align: center;\">radi izvedbe testa nagiba<\/h3>\n<p>[\/vc_column_text][vc_media_grid grid_id=&#8221;vc_gid:1652265589961-4b44b37c-552d-9&#8243; include=&#8221;22858,22854,22874,22891,23018&#8243;][vc_empty_space][vc_separator color=&#8221;black&#8221; style=&#8221;double&#8221;][vc_empty_space][vc_column_text]<\/p>\n<h3 style=\"text-align: center;\">Probna vo\u017enja s izvr\u0161nim urednikom<\/h3>\n<h3 style=\"text-align: center;\">\u010dasopisa Burze nautike<\/h3>\n<p>[\/vc_column_text][vc_media_grid grid_id=&#8221;vc_gid:1652265589962-00e12f35-dd8b-10&#8243; include=&#8221;22862,22870,22866,22882,22968,23022&#8243;][vc_empty_space][vc_empty_space][vc_empty_space][vc_separator color=&#8221;black&#8221; style=&#8221;double&#8221;][vc_column_text]<\/p>\n<h3 style=\"text-align: center;\"><strong>Lokacija pogona proizvodnje\u00a0<\/strong><\/h3>\n<p>[\/vc_column_text][vc_media_grid grid_id=&#8221;vc_gid:1652265589963-a7189303-972b-4&#8243; include=&#8221;25027,25023,25007,25011,25031,25019,25015,25003,24999&#8243;][vc_empty_space][vc_empty_space][vc_separator color=&#8221;black&#8221; style=&#8221;double&#8221;][vc_column_text]<\/p>\n<h3 style=\"text-align: center;\">Primjer isporuke plovila<\/h3>\n<p>[\/vc_column_text][vc_media_grid element_width=&#8221;3&#8243; grid_id=&#8221;vc_gid:1652265589964-9821df1c-59f0-0&#8243; include=&#8221;26596,26560,26592,26588,26584,26580,26572,26568,26564,26576&#8243;][\/vc_column_inner][\/vc_row_inner][vc_empty_space][vc_empty_space][vc_separator color=&#8221;black&#8221; style=&#8221;double&#8221;][vc_column_text]<\/p>\n<h3 style=\"text-align: center;\"><strong>Zavirite u proces proizvodnje<\/strong><\/h3>\n<p>[\/vc_column_text][vc_empty_space][vc_masonry_media_grid grid_id=&#8221;vc_gid:1652265589964-e77661c4-4755-2&#8243; include=&#8221;32058,32066,32068,32070,32064,32072,32060,32062,32046,32048,32052,32050,32054,32056&#8243;][vc_empty_space][vc_video link=&#8221;https:\/\/www.youtube.com\/watch?v=-FOSjF45Evs&#8221;][vc_empty_space][vc_separator color=&#8221;black&#8221; style=&#8221;double&#8221;][\/vc_column][\/vc_row][vc_row][vc_column][vc_empty_space][vc_empty_space][stm_call_to_action_2 call_to_action_icon=&#8221;fa fa-question-circle&#8221; call_to_action_icon_right=&#8221;stm-icon-phone2&#8243; call_to_action_text_color=&#8221;#ffffff&#8221; call_to_action_label=&#8221;Imate pitanja? Nazovite nas!&#8221; call_to_action_label_right=&#8221;051 704 178 \/ 091 215 44 86&#8243;][vc_separator][\/vc_column][\/vc_row]<\/p>\n","protected":false},"excerpt":{"rendered":"<p>[vc_row full_width=&#8221;stretch_row_content_no_spaces&#8221;][vc_column][vc_single_image image=&#8221;22976&#8243; img_size=&#8221;full&#8221; alignment=&#8221;center&#8221; css=&#8221;.vc_custom_1520944459942{background-position: center !important;background-repeat: no-repeat !important;background-size: cover !important;}&#8221;][\/vc_column][vc_column][vc_empty_space height=&#8221;96px&#8221;][vc_column_text] Key Largo One\u00a0 [\/vc_column_text][vc_separator color=&#8221;black&#8221; style=&#8221;double&#8221;][\/vc_column][\/vc_row][vc_row][vc_column][vc_column_text] &nbsp; Ova predivna pri\u010da po\u010dinje partnerstvom izmedju Sessa Marine International i InterAdrie SC, davne 2004. godine. Od tada traje divno partnerstvo koje je evoluiralo u prijateljstvo, te smo zadobili njihovo potpuno povjerenje. Kao najve\u0107i dokaz je&#8230;<\/p>\n","protected":false},"author":1,"featured_media":0,"parent":0,"menu_order":0,"comment_status":"closed","ping_status":"closed","template":"","meta":{"_joinchat":[],"_links_to":"","_links_to_target":""},"acf":[],"yoast_head":"<!-- This site is optimized with the Yoast SEO plugin v19.6 - https:\/\/yoast.com\/wordpress\/plugins\/seo\/ -->\n<title>INTERADRIA PROIZVODNJA -<\/title>\n<meta name=\"robots\" content=\"index, follow, max-snippet:-1, max-image-preview:large, max-video-preview:-1\" \/>\n<link rel=\"canonical\" href=\"https:\/\/interadria.hr\/hr\/charter\/\" \/>\n<meta property=\"og:locale\" content=\"hr_HR\" \/>\n<meta property=\"og:type\" content=\"article\" \/>\n<meta property=\"og:title\" content=\"INTERADRIA PROIZVODNJA -\" \/>\n<meta property=\"og:description\" content=\"[vc_row full_width=&#8221;stretch_row_content_no_spaces&#8221;][vc_column][vc_single_image image=&#8221;22976&#8243; img_size=&#8221;full&#8221; alignment=&#8221;center&#8221; css=&#8221;.vc_custom_1520944459942{background-position: center !important;background-repeat: no-repeat !important;background-size: cover !important;}&#8221;][\/vc_column][vc_column][vc_empty_space height=&#8221;96px&#8221;][vc_column_text] Key Largo One\u00a0 [\/vc_column_text][vc_separator color=&#8221;black&#8221; style=&#8221;double&#8221;][\/vc_column][\/vc_row][vc_row][vc_column][vc_column_text] &nbsp; Ova predivna pri\u010da po\u010dinje partnerstvom izmedju Sessa Marine International i InterAdrie SC, davne 2004. godine. Od tada traje divno partnerstvo koje je evoluiralo u prijateljstvo, te smo zadobili njihovo potpuno povjerenje. Kao najve\u0107i dokaz je...\" \/>\n<meta property=\"og:url\" content=\"https:\/\/interadria.hr\/hr\/charter\/\" \/>\n<meta property=\"article:modified_time\" content=\"2022-12-15T13:24:41+00:00\" \/>\n<meta name=\"twitter:card\" content=\"summary_large_image\" \/>\n<meta name=\"twitter:label1\" content=\"Est. reading time\" \/>\n\t<meta name=\"twitter:data1\" content=\"4 minutes\" \/>\n<script type=\"application\/ld+json\" class=\"yoast-schema-graph\">{\"@context\":\"https:\/\/schema.org\",\"@graph\":[{\"@type\":\"WebPage\",\"@id\":\"https:\/\/interadria.hr\/hr\/charter\/\",\"url\":\"https:\/\/interadria.hr\/hr\/charter\/\",\"name\":\"INTERADRIA PROIZVODNJA -\",\"isPartOf\":{\"@id\":\"https:\/\/interadria.hr\/#website\"},\"datePublished\":\"2017-05-24T17:59:37+00:00\",\"dateModified\":\"2022-12-15T13:24:41+00:00\",\"breadcrumb\":{\"@id\":\"https:\/\/interadria.hr\/hr\/charter\/#breadcrumb\"},\"inLanguage\":\"hr-HR\",\"potentialAction\":[{\"@type\":\"ReadAction\",\"target\":[\"https:\/\/interadria.hr\/hr\/charter\/\"]}]},{\"@type\":\"BreadcrumbList\",\"@id\":\"https:\/\/interadria.hr\/hr\/charter\/#breadcrumb\",\"itemListElement\":[{\"@type\":\"ListItem\",\"position\":1,\"name\":\"Home\",\"item\":\"https:\/\/interadria.hr\/hr\/\"},{\"@type\":\"ListItem\",\"position\":2,\"name\":\"INTERADRIA PROIZVODNJA\"}]},{\"@type\":\"WebSite\",\"@id\":\"https:\/\/interadria.hr\/#website\",\"url\":\"https:\/\/interadria.hr\/\",\"name\":\"\",\"description\":\"INTERADRIA SC\",\"potentialAction\":[{\"@type\":\"SearchAction\",\"target\":{\"@type\":\"EntryPoint\",\"urlTemplate\":\"https:\/\/interadria.hr\/?s={search_term_string}\"},\"query-input\":\"required name=search_term_string\"}],\"inLanguage\":\"hr-HR\"}]}<\/script>\n<!-- \/ Yoast SEO plugin. -->","yoast_head_json":{"title":"INTERADRIA PROIZVODNJA -","robots":{"index":"index","follow":"follow","max-snippet":"max-snippet:-1","max-image-preview":"max-image-preview:large","max-video-preview":"max-video-preview:-1"},"canonical":"https:\/\/interadria.hr\/hr\/charter\/","og_locale":"hr_HR","og_type":"article","og_title":"INTERADRIA PROIZVODNJA -","og_description":"[vc_row full_width=&#8221;stretch_row_content_no_spaces&#8221;][vc_column][vc_single_image image=&#8221;22976&#8243; img_size=&#8221;full&#8221; alignment=&#8221;center&#8221; css=&#8221;.vc_custom_1520944459942{background-position: center !important;background-repeat: no-repeat !important;background-size: cover !important;}&#8221;][\/vc_column][vc_column][vc_empty_space height=&#8221;96px&#8221;][vc_column_text] Key Largo One\u00a0 [\/vc_column_text][vc_separator color=&#8221;black&#8221; style=&#8221;double&#8221;][\/vc_column][\/vc_row][vc_row][vc_column][vc_column_text] &nbsp; Ova predivna pri\u010da po\u010dinje partnerstvom izmedju Sessa Marine International i InterAdrie SC, davne 2004. godine. Od tada traje divno partnerstvo koje je evoluiralo u prijateljstvo, te smo zadobili njihovo potpuno povjerenje. Kao najve\u0107i dokaz je...","og_url":"https:\/\/interadria.hr\/hr\/charter\/","article_modified_time":"2022-12-15T13:24:41+00:00","twitter_card":"summary_large_image","twitter_misc":{"Est. reading time":"4 minutes"},"schema":{"@context":"https:\/\/schema.org","@graph":[{"@type":"WebPage","@id":"https:\/\/interadria.hr\/hr\/charter\/","url":"https:\/\/interadria.hr\/hr\/charter\/","name":"INTERADRIA PROIZVODNJA -","isPartOf":{"@id":"https:\/\/interadria.hr\/#website"},"datePublished":"2017-05-24T17:59:37+00:00","dateModified":"2022-12-15T13:24:41+00:00","breadcrumb":{"@id":"https:\/\/interadria.hr\/hr\/charter\/#breadcrumb"},"inLanguage":"hr-HR","potentialAction":[{"@type":"ReadAction","target":["https:\/\/interadria.hr\/hr\/charter\/"]}]},{"@type":"BreadcrumbList","@id":"https:\/\/interadria.hr\/hr\/charter\/#breadcrumb","itemListElement":[{"@type":"ListItem","position":1,"name":"Home","item":"https:\/\/interadria.hr\/hr\/"},{"@type":"ListItem","position":2,"name":"INTERADRIA PROIZVODNJA"}]},{"@type":"WebSite","@id":"https:\/\/interadria.hr\/#website","url":"https:\/\/interadria.hr\/","name":"","description":"INTERADRIA SC","potentialAction":[{"@type":"SearchAction","target":{"@type":"EntryPoint","urlTemplate":"https:\/\/interadria.hr\/?s={search_term_string}"},"query-input":"required name=search_term_string"}],"inLanguage":"hr-HR"}]}},"_links":{"self":[{"href":"https:\/\/interadria.hr\/hr\/wp-json\/wp\/v2\/pages\/14333"}],"collection":[{"href":"https:\/\/interadria.hr\/hr\/wp-json\/wp\/v2\/pages"}],"about":[{"href":"https:\/\/interadria.hr\/hr\/wp-json\/wp\/v2\/types\/page"}],"author":[{"embeddable":true,"href":"https:\/\/interadria.hr\/hr\/wp-json\/wp\/v2\/users\/1"}],"replies":[{"embeddable":true,"href":"https:\/\/interadria.hr\/hr\/wp-json\/wp\/v2\/comments?post=14333"}],"version-history":[{"count":65,"href":"https:\/\/interadria.hr\/hr\/wp-json\/wp\/v2\/pages\/14333\/revisions"}],"predecessor-version":[{"id":36987,"href":"https:\/\/interadria.hr\/hr\/wp-json\/wp\/v2\/pages\/14333\/revisions\/36987"}],"wp:attachment":[{"href":"https:\/\/interadria.hr\/hr\/wp-json\/wp\/v2\/media?parent=14333"}],"curies":[{"name":"wp","href":"https:\/\/api.w.org\/{rel}","templated":true}]}}