{"id":12618,"date":"2017-05-22T15:08:52","date_gmt":"2017-05-22T15:08:52","guid":{"rendered":"https:\/\/interadria.hr\/home\/o-nama\/"},"modified":"2025-02-04T12:21:42","modified_gmt":"2025-02-04T12:21:42","slug":"o-nama","status":"publish","type":"page","link":"https:\/\/interadria.hr\/hr\/o-nama\/","title":{"rendered":"O NAMA"},"content":{"rendered":"<p>[vc_row css=&#8221;.vc_custom_1495135984480{margin-top: 40px !important;margin-bottom: 32px !important;}&#8221;][vc_column width=&#8221;1\/2&#8243; el_class=&#8221;stm-col-pad-right&#8221;][vc_single_image image=&#8221;36849&#8243; img_size=&#8221;full&#8221; stm_fancybox=&#8221;yes&#8221; css=&#8221;.vc_custom_1652265224400{margin-bottom: 35px !important;}&#8221;][\/vc_column][vc_column width=&#8221;1\/2&#8243; el_class=&#8221;stm-col-pad-left&#8221;][vc_column_text]<\/p>\n<h3 style=\"margin-bottom: 18px;\">Dobrodo\u0161li na <span style=\"color: #31a3c6;\"><strong>InterAdria SC<\/strong><\/span><\/h3>\n<p style=\"margin-bottom: 26px;\">Tvrtka InterAdria SC osnovana je 1997.g., te je kroz niz godina uspje\u0161nog poslovanja izrasla u jednog od renomiranih poslovnih subjekata u nauti\u010dkom sektoru. Ekskluzivni je distributer plovila Sessa Marine i 2BAR te ovla\u0161teni distributer i serviser Yamaha marine programa i Volvo Penta motora.<\/p>\n<p style=\"margin-bottom: 26px;\">U sklopu svoje poslovne politike InterAdria SC nastoji biti prepoznata kao pouzdan partner koji nastoji pru\u017eiti najbolju mogu\u0107u uslugu na tr\u017ei\u0161tu. U sredi\u0161tu svih nastojanja nalazi se \u017eelja da se klijenti osje\u0107aju ugodno i zadovoljno.<\/p>\n<p>[\/vc_column_text][\/vc_column][\/vc_row][vc_row css=&#8221;.vc_custom_1445594570930{margin-bottom: 83px !important;}&#8221;][vc_column width=&#8221;1\/2&#8243; el_class=&#8221;stm-col-pad-right&#8221;][vc_column_text css=&#8221;.vc_custom_1492448306060{margin-bottom: 23px !important;}&#8221;]<\/p>\n<h3>USLUGE<\/h3>\n<p>[\/vc_column_text][vc_separator css=&#8221;.vc_custom_1445496980428{margin-bottom: 19px !important;}&#8221;][vc_column_text]<\/p>\n<ul class=\"list-style-1\">\n<li>Prodaja plovila<\/li>\n<li>Prodaja motora<\/li>\n<li>Osiguranje<\/li>\n<li>Odr\u017eavanje i servis plovila<\/li>\n<li>Odr\u017eavanje i servis motora<\/li>\n<li>Transport<\/li>\n<li>Nautic shop<\/li>\n<\/ul>\n<p>[\/vc_column_text][\/vc_column][vc_column width=&#8221;1\/2&#8243; el_class=&#8221;stm-col-pad-left&#8221;][vc_single_image image=&#8221;2190&#8243; img_size=&#8221;medium&#8221; alignment=&#8221;center&#8221; stm_fancybox=&#8221;yes&#8221; css=&#8221;.vc_custom_1492449105226{margin-bottom: 35px !important;}&#8221;][\/vc_column][\/vc_row][vc_row full_width=&#8221;stretch_row&#8221; css=&#8221;.vc_custom_1495136149657{margin-bottom: 0px !important;padding-top: 0px !important;padding-bottom: 0px !important;}&#8221;][vc_column][vc_column_text]<\/p>\n<h2 style=\"text-align: center;\"><span style=\"color: #31a3c6;\">InterAdria<\/span> MAGAZIN<\/h2>\n<p>[\/vc_column_text][\/vc_column][\/vc_row][vc_row][vc_column][vc_empty_space][vc_column_text]<\/p>\n<h4 style=\"text-align: center;\">Prelistajte <span style=\"color: #31a3c6;\">InterAdria\u00a0<\/span>magazin za 2020. godinu<\/h4>\n<p>[\/vc_column_text][vc_single_image image=&#8221;34844&#8243; img_size=&#8221;medium&#8221; alignment=&#8221;center&#8221; onclick=&#8221;custom_link&#8221; img_link_target=&#8221;_blank&#8221; link=&#8221;https:\/\/issuu.com\/interadria_magazin\/docs\/interadria_magazin_16_web&#8221;][vc_column_text]<\/p>\n<h6 style=\"text-align: center;\"><a href=\"https:\/\/issuu.com\/interadria_magazin\/docs\/interadria_magazin_16_web\">InterAdria Magazin 16<\/a><\/h6>\n<p>[\/vc_column_text][\/vc_column][\/vc_row][vc_row full_width=&#8221;stretch_row&#8221; css=&#8221;.vc_custom_1493375401216{margin-bottom: 0px !important;padding-top: 48px !important;padding-bottom: 15px !important;}&#8221;][vc_column width=&#8221;1\/6&#8243;][vc_empty_space][vc_single_image image=&#8221;4811&#8243; img_size=&#8221;medium&#8221; alignment=&#8221;center&#8221; onclick=&#8221;custom_link&#8221; img_link_target=&#8221;_blank&#8221; link=&#8221;https:\/\/issuu.com\/interadria_magazin\/docs\/interadria_magazin_1&#8243;][vc_column_text]<\/p>\n<h6><a href=\"https:\/\/issuu.com\/interadria_magazin\/docs\/interadria_magazin_1\">InterAdria Magazin 1<\/a><\/h6>\n<p>[\/vc_column_text][\/vc_column][vc_column width=&#8221;1\/6&#8243;][vc_empty_space][vc_single_image image=&#8221;4826&#8243; img_size=&#8221;medium&#8221; alignment=&#8221;center&#8221; onclick=&#8221;custom_link&#8221; img_link_target=&#8221;_blank&#8221; link=&#8221;https:\/\/issuu.com\/interadria_magazin\/docs\/interadria_magazin_2&#8243;][vc_column_text]<\/p>\n<h6><a href=\"https:\/\/issuu.com\/interadria_magazin\/docs\/interadria_magazin_2\">InterAdria Magazin\u00a02<\/a><\/h6>\n<p>[\/vc_column_text][\/vc_column][vc_column width=&#8221;1\/6&#8243;][vc_empty_space][vc_single_image image=&#8221;4830&#8243; img_size=&#8221;medium&#8221; alignment=&#8221;center&#8221; onclick=&#8221;custom_link&#8221; img_link_target=&#8221;_blank&#8221; link=&#8221;https:\/\/issuu.com\/interadria_magazin\/docs\/interadria_magazin_3&#8243;][vc_column_text]<\/p>\n<h6><a href=\"https:\/\/issuu.com\/interadria_magazin\/docs\/interadria_magazin_3\">InterAdria Magazin\u00a03<\/a><\/h6>\n<p>[\/vc_column_text][\/vc_column][vc_column width=&#8221;1\/6&#8243;][vc_empty_space][vc_single_image image=&#8221;4834&#8243; img_size=&#8221;medium&#8221; alignment=&#8221;center&#8221; onclick=&#8221;custom_link&#8221; img_link_target=&#8221;_blank&#8221; link=&#8221;https:\/\/issuu.com\/interadria_magazin\/docs\/interadria_magazin_4&#8243;][vc_column_text]<\/p>\n<h6><a href=\"https:\/\/issuu.com\/interadria_magazin\/docs\/interadria_magazin_4\">InterAdria Magazin 4<\/a><\/h6>\n<p>[\/vc_column_text][\/vc_column][vc_column width=&#8221;1\/6&#8243;][vc_empty_space][vc_single_image image=&#8221;4838&#8243; img_size=&#8221;medium&#8221; alignment=&#8221;center&#8221; onclick=&#8221;custom_link&#8221; img_link_target=&#8221;_blank&#8221; link=&#8221;https:\/\/issuu.com\/interadria_magazin\/docs\/interadria_magazin_5&#8243;][vc_column_text]<\/p>\n<h6><a href=\"https:\/\/issuu.com\/interadria_magazin\/docs\/interadria_magazin_5\">InterAdria Magazin 5<\/a><\/h6>\n<p>[\/vc_column_text][\/vc_column][vc_column width=&#8221;1\/6&#8243;][vc_empty_space][vc_single_image image=&#8221;4842&#8243; img_size=&#8221;medium&#8221; alignment=&#8221;center&#8221; onclick=&#8221;custom_link&#8221; img_link_target=&#8221;_blank&#8221; link=&#8221;https:\/\/issuu.com\/interadria_magazin\/docs\/interadria_magazin_6br&#8221;][vc_column_text]<\/p>\n<h6><a href=\"https:\/\/issuu.com\/interadria_magazin\/docs\/interadria_magazin_6br\">InterAdria Magazin 6<\/a><\/h6>\n<p>[\/vc_column_text][\/vc_column][vc_column][\/vc_column][vc_column width=&#8221;1\/6&#8243;][vc_empty_space][vc_single_image image=&#8221;4846&#8243; img_size=&#8221;medium&#8221; alignment=&#8221;center&#8221; onclick=&#8221;custom_link&#8221; img_link_target=&#8221;_blank&#8221; link=&#8221;https:\/\/issuu.com\/interadria_magazin\/docs\/interadria_magazin_7&#8243;][vc_column_text]<\/p>\n<h6><a href=\"https:\/\/issuu.com\/interadria_magazin\/docs\/interadria_magazin_7\">InterAdria Magazin 7<\/a><\/h6>\n<p>[\/vc_column_text][\/vc_column][vc_column width=&#8221;1\/6&#8243;][vc_empty_space][vc_single_image image=&#8221;4850&#8243; img_size=&#8221;medium&#8221; alignment=&#8221;center&#8221; onclick=&#8221;custom_link&#8221; img_link_target=&#8221;_blank&#8221; link=&#8221;https:\/\/issuu.com\/interadria_magazin\/docs\/interadria_magazin_8&#8243;][vc_column_text]<\/p>\n<h6><a href=\"https:\/\/issuu.com\/interadria_magazin\/docs\/interadria_magazin_8\">InterAdria Magazin 8<\/a><\/h6>\n<p>[\/vc_column_text][\/vc_column][vc_column width=&#8221;1\/6&#8243;][vc_empty_space][vc_single_image image=&#8221;4854&#8243; img_size=&#8221;medium&#8221; alignment=&#8221;center&#8221; onclick=&#8221;custom_link&#8221; img_link_target=&#8221;_blank&#8221; link=&#8221;https:\/\/issuu.com\/interadria_magazin\/docs\/interadria_magazin_9&#8243;][vc_column_text]<\/p>\n<h6><a href=\"https:\/\/issuu.com\/interadria_magazin\/docs\/interadria_magazin_9\">InterAdria Magazin 9<\/a><\/h6>\n<p>[\/vc_column_text][\/vc_column][vc_column width=&#8221;1\/6&#8243;][vc_empty_space][vc_single_image image=&#8221;4858&#8243; img_size=&#8221;medium&#8221; alignment=&#8221;center&#8221; onclick=&#8221;custom_link&#8221; img_link_target=&#8221;_blank&#8221; link=&#8221;https:\/\/issuu.com\/interadria_magazin\/docs\/interadria_magazin_10&#8243;][vc_column_text]<\/p>\n<h6><a href=\"https:\/\/issuu.com\/interadria_magazin\/docs\/interadria_magazin_10\">InterAdria Magazin 10<\/a><\/h6>\n<p>[\/vc_column_text][\/vc_column][vc_column width=&#8221;1\/6&#8243;][vc_empty_space][vc_single_image image=&#8221;4862&#8243; img_size=&#8221;medium&#8221; alignment=&#8221;center&#8221; onclick=&#8221;custom_link&#8221; img_link_target=&#8221;_blank&#8221; link=&#8221;https:\/\/issuu.com\/interadria_magazin\/docs\/interadra_magazin_11&#8243;][vc_column_text]<\/p>\n<h6><a href=\"https:\/\/issuu.com\/interadria_magazin\/docs\/interadra_magazin_11\">InterAdria Magazin 11<\/a><\/h6>\n<p>[\/vc_column_text][\/vc_column][vc_column width=&#8221;1\/6&#8243;][vc_empty_space][vc_single_image image=&#8221;4818&#8243; img_size=&#8221;medium&#8221; alignment=&#8221;center&#8221; onclick=&#8221;custom_link&#8221; img_link_target=&#8221;_blank&#8221; link=&#8221;https:\/\/issuu.com\/interadria_magazin\/docs\/1-60web&#8221;][vc_column_text]<\/p>\n<h6><a href=\"https:\/\/issuu.com\/interadria_magazin\/docs\/1-60web\">InterAdria Magazin 12<\/a><\/h6>\n<p>[\/vc_column_text][\/vc_column][vc_column width=&#8221;1\/6&#8243;][vc_empty_space][vc_single_image image=&#8221;24730&#8243; img_size=&#8221;medium&#8221; alignment=&#8221;center&#8221; onclick=&#8221;custom_link&#8221; img_link_target=&#8221;_blank&#8221; link=&#8221;https:\/\/issuu.com\/interadria_magazin\/docs\/interadria_web_e2c3999bb590c6&#8243;][vc_column_text]<\/p>\n<h6><a href=\"https:\/\/issuu.com\/interadria_magazin\/docs\/interadria_web_e2c3999bb590c6\">InterAdria Magazin 13<\/a><\/h6>\n<p>[\/vc_column_text][\/vc_column][vc_column width=&#8221;1\/6&#8243;][vc_empty_space][vc_single_image image=&#8221;30201&#8243; img_size=&#8221;medium&#8221; onclick=&#8221;custom_link&#8221; link=&#8221;https:\/\/issuu.com\/interadria_magazin\/docs\/zadnja_verzija&#8221;][vc_column_text]<\/p>\n<h6><a href=\"https:\/\/issuu.com\/interadria_magazin\/docs\/zadnja_verzija\">InterAdria Magazin 14<\/a><\/h6>\n<p>[\/vc_column_text][\/vc_column][vc_column width=&#8221;1\/6&#8243;][vc_empty_space][vc_single_image image=&#8221;30196&#8243; img_size=&#8221;medium&#8221; alignment=&#8221;center&#8221; onclick=&#8221;custom_link&#8221; img_link_target=&#8221;_blank&#8221; link=&#8221;https:\/\/issuu.com\/interadria_magazin\/docs\/magazin_15_zadnje_u_pdfu&#8221;][vc_column_text]<\/p>\n<h6 style=\"text-align: center;\"><a href=\"https:\/\/issuu.com\/interadria_magazin\/docs\/magazin_15_zadnje_u_pdfu\">InterAdria Magazin 15<\/a><\/h6>\n<p>[\/vc_column_text][\/vc_column][\/vc_row]<\/p>\n","protected":false},"excerpt":{"rendered":"<p>[vc_row css=&#8221;.vc_custom_1495135984480{margin-top: 40px !important;margin-bottom: 32px !important;}&#8221;][vc_column width=&#8221;1\/2&#8243; el_class=&#8221;stm-col-pad-right&#8221;][vc_single_image image=&#8221;36849&#8243; img_size=&#8221;full&#8221; stm_fancybox=&#8221;yes&#8221; css=&#8221;.vc_custom_1652265224400{margin-bottom: 35px !important;}&#8221;][\/vc_column][vc_column width=&#8221;1\/2&#8243; el_class=&#8221;stm-col-pad-left&#8221;][vc_column_text] Dobrodo\u0161li na InterAdria SC Tvrtka InterAdria SC osnovana je 1997.g., te je kroz niz godina uspje\u0161nog poslovanja izrasla u jednog od renomiranih poslovnih subjekata u nauti\u010dkom sektoru. Ekskluzivni je distributer plovila Sessa Marine i 2BAR te ovla\u0161teni distributer i&#8230;<\/p>\n","protected":false},"author":1,"featured_media":38192,"parent":0,"menu_order":0,"comment_status":"closed","ping_status":"closed","template":"","meta":{"_joinchat":[],"_links_to":"","_links_to_target":""},"acf":[],"yoast_head":"<!-- This site is optimized with the Yoast SEO plugin v19.6 - https:\/\/yoast.com\/wordpress\/plugins\/seo\/ -->\n<title>InterAdria SC d.o.o. - O nama<\/title>\n<meta name=\"description\" content=\"InterAdria SC ekskluzivni je zastupnik novih plovila Sessa Marine i 2BAR te ovla\u0161teni zastupnik i serviser Yamaha Marine programa.\" \/>\n<meta name=\"robots\" content=\"index, follow, max-snippet:-1, max-image-preview:large, max-video-preview:-1\" \/>\n<link rel=\"canonical\" href=\"https:\/\/interadria.hr\/hr\/o-nama\/\" \/>\n<meta property=\"og:locale\" content=\"hr_HR\" \/>\n<meta property=\"og:type\" content=\"article\" \/>\n<meta property=\"og:title\" content=\"InterAdria SC d.o.o. - O nama\" \/>\n<meta property=\"og:description\" content=\"InterAdria SC ekskluzivni je zastupnik novih plovila Sessa Marine i 2BAR te ovla\u0161teni zastupnik i serviser Yamaha Marine programa.\" \/>\n<meta property=\"og:url\" content=\"https:\/\/interadria.hr\/hr\/o-nama\/\" \/>\n<meta property=\"article:modified_time\" content=\"2025-02-04T12:21:42+00:00\" \/>\n<meta property=\"og:image\" content=\"https:\/\/interadria.hr\/wp-content\/uploads\/2024\/05\/IMG_1175.jpg\" \/>\n\t<meta property=\"og:image:width\" content=\"1242\" \/>\n\t<meta property=\"og:image:height\" content=\"894\" \/>\n\t<meta property=\"og:image:type\" content=\"image\/jpeg\" \/>\n<meta name=\"twitter:card\" content=\"summary_large_image\" \/>\n<meta name=\"twitter:label1\" content=\"Est. reading time\" \/>\n\t<meta name=\"twitter:data1\" content=\"2 minutes\" \/>\n<script type=\"application\/ld+json\" class=\"yoast-schema-graph\">{\"@context\":\"https:\/\/schema.org\",\"@graph\":[{\"@type\":\"WebPage\",\"@id\":\"https:\/\/interadria.hr\/hr\/o-nama\/\",\"url\":\"https:\/\/interadria.hr\/hr\/o-nama\/\",\"name\":\"InterAdria SC d.o.o. - O nama\",\"isPartOf\":{\"@id\":\"https:\/\/interadria.hr\/#website\"},\"datePublished\":\"2017-05-22T15:08:52+00:00\",\"dateModified\":\"2025-02-04T12:21:42+00:00\",\"description\":\"InterAdria SC ekskluzivni je zastupnik novih plovila Sessa Marine i 2BAR te ovla\u0161teni zastupnik i serviser Yamaha Marine programa.\",\"breadcrumb\":{\"@id\":\"https:\/\/interadria.hr\/hr\/o-nama\/#breadcrumb\"},\"inLanguage\":\"hr-HR\",\"potentialAction\":[{\"@type\":\"ReadAction\",\"target\":[\"https:\/\/interadria.hr\/hr\/o-nama\/\"]}]},{\"@type\":\"BreadcrumbList\",\"@id\":\"https:\/\/interadria.hr\/hr\/o-nama\/#breadcrumb\",\"itemListElement\":[{\"@type\":\"ListItem\",\"position\":1,\"name\":\"Home\",\"item\":\"https:\/\/interadria.hr\/hr\/\"},{\"@type\":\"ListItem\",\"position\":2,\"name\":\"O NAMA\"}]},{\"@type\":\"WebSite\",\"@id\":\"https:\/\/interadria.hr\/#website\",\"url\":\"https:\/\/interadria.hr\/\",\"name\":\"\",\"description\":\"INTERADRIA SC\",\"potentialAction\":[{\"@type\":\"SearchAction\",\"target\":{\"@type\":\"EntryPoint\",\"urlTemplate\":\"https:\/\/interadria.hr\/?s={search_term_string}\"},\"query-input\":\"required name=search_term_string\"}],\"inLanguage\":\"hr-HR\"}]}<\/script>\n<!-- \/ Yoast SEO plugin. -->","yoast_head_json":{"title":"InterAdria SC d.o.o. - O nama","description":"InterAdria SC ekskluzivni je zastupnik novih plovila Sessa Marine i 2BAR te ovla\u0161teni zastupnik i serviser Yamaha Marine programa.","robots":{"index":"index","follow":"follow","max-snippet":"max-snippet:-1","max-image-preview":"max-image-preview:large","max-video-preview":"max-video-preview:-1"},"canonical":"https:\/\/interadria.hr\/hr\/o-nama\/","og_locale":"hr_HR","og_type":"article","og_title":"InterAdria SC d.o.o. - O nama","og_description":"InterAdria SC ekskluzivni je zastupnik novih plovila Sessa Marine i 2BAR te ovla\u0161teni zastupnik i serviser Yamaha Marine programa.","og_url":"https:\/\/interadria.hr\/hr\/o-nama\/","article_modified_time":"2025-02-04T12:21:42+00:00","og_image":[{"width":1242,"height":894,"url":"https:\/\/interadria.hr\/wp-content\/uploads\/2024\/05\/IMG_1175.jpg","type":"image\/jpeg"}],"twitter_card":"summary_large_image","twitter_misc":{"Est. reading time":"2 minutes"},"schema":{"@context":"https:\/\/schema.org","@graph":[{"@type":"WebPage","@id":"https:\/\/interadria.hr\/hr\/o-nama\/","url":"https:\/\/interadria.hr\/hr\/o-nama\/","name":"InterAdria SC d.o.o. - O nama","isPartOf":{"@id":"https:\/\/interadria.hr\/#website"},"datePublished":"2017-05-22T15:08:52+00:00","dateModified":"2025-02-04T12:21:42+00:00","description":"InterAdria SC ekskluzivni je zastupnik novih plovila Sessa Marine i 2BAR te ovla\u0161teni zastupnik i serviser Yamaha Marine programa.","breadcrumb":{"@id":"https:\/\/interadria.hr\/hr\/o-nama\/#breadcrumb"},"inLanguage":"hr-HR","potentialAction":[{"@type":"ReadAction","target":["https:\/\/interadria.hr\/hr\/o-nama\/"]}]},{"@type":"BreadcrumbList","@id":"https:\/\/interadria.hr\/hr\/o-nama\/#breadcrumb","itemListElement":[{"@type":"ListItem","position":1,"name":"Home","item":"https:\/\/interadria.hr\/hr\/"},{"@type":"ListItem","position":2,"name":"O NAMA"}]},{"@type":"WebSite","@id":"https:\/\/interadria.hr\/#website","url":"https:\/\/interadria.hr\/","name":"","description":"INTERADRIA SC","potentialAction":[{"@type":"SearchAction","target":{"@type":"EntryPoint","urlTemplate":"https:\/\/interadria.hr\/?s={search_term_string}"},"query-input":"required name=search_term_string"}],"inLanguage":"hr-HR"}]}},"_links":{"self":[{"href":"https:\/\/interadria.hr\/hr\/wp-json\/wp\/v2\/pages\/12618"}],"collection":[{"href":"https:\/\/interadria.hr\/hr\/wp-json\/wp\/v2\/pages"}],"about":[{"href":"https:\/\/interadria.hr\/hr\/wp-json\/wp\/v2\/types\/page"}],"author":[{"embeddable":true,"href":"https:\/\/interadria.hr\/hr\/wp-json\/wp\/v2\/users\/1"}],"replies":[{"embeddable":true,"href":"https:\/\/interadria.hr\/hr\/wp-json\/wp\/v2\/comments?post=12618"}],"version-history":[{"count":80,"href":"https:\/\/interadria.hr\/hr\/wp-json\/wp\/v2\/pages\/12618\/revisions"}],"predecessor-version":[{"id":38180,"href":"https:\/\/interadria.hr\/hr\/wp-json\/wp\/v2\/pages\/12618\/revisions\/38180"}],"wp:featuredmedia":[{"embeddable":true,"href":"https:\/\/interadria.hr\/hr\/wp-json\/wp\/v2\/media\/38192"}],"wp:attachment":[{"href":"https:\/\/interadria.hr\/hr\/wp-json\/wp\/v2\/media?parent=12618"}],"curies":[{"name":"wp","href":"https:\/\/api.w.org\/{rel}","templated":true}]}}